{"id":22,"date":"2018-11-24T12:22:55","date_gmt":"2018-11-24T12:22:55","guid":{"rendered":"http:\/\/cecat.com.ar\/?page_id=22"},"modified":"2020-08-20T15:46:53","modified_gmt":"2020-08-20T18:46:53","slug":"capacitaciones","status":"publish","type":"page","link":"https:\/\/cecat.com.ar\/?page_id=22","title":{"rendered":"Capacitaciones"},"content":{"rendered":"<p>[et_pb_section fb_built=&#8221;1&#8243; specialty=&#8221;on&#8221; _builder_version=&#8221;4.0.4&#8243; use_background_color_gradient=&#8221;on&#8221; background_color_gradient_start=&#8221;rgba(0,0,0,0.5)&#8221; background_color_gradient_end=&#8221;rgba(0,0,0,0.5)&#8221; background_color_gradient_overlays_image=&#8221;on&#8221; background_image=&#8221;https:\/\/cecat.com.ar\/wp-content\/uploads\/2020\/02\/capacitaciones-op-2.jpg&#8221; custom_padding=&#8221;72px|0px|143px|0px|false|false&#8221;][et_pb_column type=&#8221;1_3&#8243; _builder_version=&#8221;3.25&#8243; custom_padding=&#8221;|||&#8221; parallax__hover=&#8221;off&#8221; parallax_method__hover=&#8221;on&#8221; custom_padding__hover=&#8221;|||&#8221;][et_pb_text _builder_version=&#8221;3.27.4&#8243; text_font=&#8221;||||||||&#8221; text_text_color=&#8221;#ffffff&#8221; header_font=&#8221;||||||||&#8221; header_font_size=&#8221;29px&#8221; header_2_font=&#8221;||||||||&#8221; header_2_text_color=&#8221;#ffffff&#8221; header_2_font_size=&#8221;33px&#8221; custom_margin=&#8221;||-1px&#8221; animation_style=&#8221;slide&#8221; animation_direction=&#8221;left&#8221; header_2_font_size_tablet=&#8221;&#8221; header_2_font_size_phone=&#8221;24px&#8221; header_2_font_size_last_edited=&#8221;on|phone&#8221;]<\/p>\n<h2 style=\"text-align: left;\">Centro de Formaci\u00f3n Tur\u00edstica<\/h2>\n<p>[\/et_pb_text][et_pb_divider color=&#8221;#00637f&#8221; divider_style=&#8221;outset&#8221; divider_weight=&#8221;8px&#8221; _builder_version=&#8221;3.17.6&#8243; max_width=&#8221;71%&#8221; animation_style=&#8221;slide&#8221; animation_direction=&#8221;left&#8221;]<\/p>\n<p>[\/et_pb_divider][et_pb_text _builder_version=&#8221;3.27.4&#8243; text_font=&#8221;||||||||&#8221; text_text_color=&#8221;#ffffff&#8221; text_line_height=&#8221;2.2em&#8221; custom_margin=&#8221;||42px&#8221; animation_style=&#8221;slide&#8221; animation_direction=&#8221;bottom&#8221; animation_delay=&#8221;500ms&#8221;]<\/p>\n<p><span style=\"font-weight: 400;\"><\/span>En tanto Centro de Capacitaci\u00f3n Tur\u00edstica de la Provincia de Entre R\u00edos pretendemos sensibilizar a la poblaci\u00f3n en materia tur\u00edstica, brindar herramientas y nociones que permitan agregar valor al destino y a cada uno de sus actores, buscando la excelencia en la calidad tur\u00edstica y la promoci\u00f3n y protecci\u00f3n de las riquezas naturales, hist\u00f3ricas y culturales de la regi\u00f3n.<\/p>\n<p>[\/et_pb_text][et_pb_button button_url=&#8221;https:\/\/cecat.com.ar\/cursos-ya-brindados\/&#8221; button_text=&#8221;Cursos ya brindados&#8221; button_alignment=&#8221;left&#8221; _builder_version=&#8221;4.0.4&#8243; custom_button=&#8221;on&#8221; button_text_size=&#8221;18px&#8221; button_text_color=&#8221;#ffffff&#8221; button_bg_color=&#8221;#383e59&#8243; button_border_width=&#8221;0px&#8221; button_border_radius=&#8221;1px&#8221; button_font=&#8221;|600|on||||||&#8221; custom_margin=&#8221;68px||||false|false&#8221; custom_margin_tablet=&#8221;&#8221; custom_margin_phone=&#8221;-22px||-37px||false|false&#8221; custom_margin_last_edited=&#8221;on|phone&#8221; custom_padding=&#8221;12px|127px|13px||false|false&#8221; custom_padding_tablet=&#8221;&#8221; custom_padding_phone=&#8221;&#8221; custom_padding_last_edited=&#8221;on|desktop&#8221; animation_style=&#8221;slide&#8221; animation_delay=&#8221;250ms&#8221; button_text_size_tablet=&#8221;&#8221; button_text_size_phone=&#8221;&#8221; button_text_size_last_edited=&#8221;on|desktop&#8221;][\/et_pb_button][\/et_pb_column][et_pb_column type=&#8221;2_3&#8243; specialty_columns=&#8221;2&#8243; _builder_version=&#8221;3.25&#8243; custom_padding=&#8221;|||&#8221; parallax__hover=&#8221;off&#8221; parallax_method__hover=&#8221;on&#8221; custom_padding__hover=&#8221;|||&#8221;][et_pb_row_inner custom_padding_last_edited=&#8221;off|phone&#8221; _builder_version=&#8221;4.0.4&#8243; custom_padding=&#8221;70px|0px|0|0px|false|false&#8221; custom_padding_phone=&#8221;0px||&#8221;][et_pb_column_inner saved_specialty_column_type=&#8221;2_3&#8243; _builder_version=&#8221;3.25&#8243; custom_padding=&#8221;|||&#8221; parallax__hover=&#8221;off&#8221; parallax_method__hover=&#8221;on&#8221; custom_padding__hover=&#8221;|||&#8221;][et_pb_text _builder_version=&#8221;4.0.4&#8243; text_font=&#8221;||||||||&#8221; text_text_color=&#8221;#ffffff&#8221; text_font_size=&#8221;27px&#8221; animation_style=&#8221;slide&#8221; animation_direction=&#8221;right&#8221; animation_delay=&#8221;1000ms&#8221; text_font_size_tablet=&#8221;&#8221; text_font_size_phone=&#8221;&#8221; text_font_size_last_edited=&#8221;on|desktop&#8221;]<\/p>\n<p>Estas son nuestras \u00e1reas de capacitaci\u00f3n<\/p>\n<p>[\/et_pb_text][et_pb_text _builder_version=&#8221;3.27.4&#8243; text_font=&#8221;|300|on||||||&#8221; text_text_color=&#8221;#ffffff&#8221; text_font_size=&#8221;12px&#8221; custom_margin=&#8221;-32px|||&#8221; custom_margin_tablet=&#8221;&#8221; custom_margin_phone=&#8221;&#8221; custom_margin_last_edited=&#8221;on|desktop&#8221; animation_style=&#8221;slide&#8221; animation_direction=&#8221;right&#8221; animation_delay=&#8221;1000ms&#8221;]<\/p>\n<p>Hac\u00e9 click sobre los \u00edconos para ver los cursos disponibles en cada \u00e1rea<\/p>\n<p>[\/et_pb_text][\/et_pb_column_inner][\/et_pb_row_inner][et_pb_row_inner column_structure=&#8221;1_2,1_2&#8243; use_custom_gutter=&#8221;on&#8221; gutter_width=&#8221;2&#8243; _builder_version=&#8221;4.5.6&#8243; _dynamic_attributes=&#8221;link_option_url&#8221; custom_padding=&#8221;12px||16px|||&#8221; animation_style=&#8221;slide&#8221; animation_direction=&#8221;left&#8221; animation_delay=&#8221;1200ms&#8221; link_option_url=&#8221;@ET-DC@eyJkeW5hbWljIjp0cnVlLCJjb250ZW50IjoicG9zdF9saW5rX3VybF9wYWdlIiwic2V0dGluZ3MiOnsicG9zdF9pZCI6IjE2NiJ9fQ==@&#8221;][et_pb_column_inner type=&#8221;1_2&#8243; saved_specialty_column_type=&#8221;2_3&#8243; _builder_version=&#8221;4.0.4&#8243; use_background_color_gradient=&#8221;on&#8221; background_color_gradient_start=&#8221;#7b03a9&#8243; background_color_gradient_end=&#8221;#d81094&#8243; background_color_gradient_type=&#8221;radial&#8221; background_color_gradient_direction_radial=&#8221;bottom right&#8221; background_color_gradient_start_position=&#8221;31%&#8221; custom_padding=&#8221;50px||50px||false|false&#8221; custom_padding_tablet=&#8221;&#8221; custom_padding_phone=&#8221;&#8221; custom_padding_last_edited=&#8221;on|desktop&#8221;][et_pb_text _builder_version=&#8221;4.5.6&#8243; _dynamic_attributes=&#8221;link_option_url&#8221; header_4_text_color=&#8221;#ffffff&#8221; header_4_font_size=&#8221;25px&#8221; link_option_url=&#8221;@ET-DC@eyJkeW5hbWljIjp0cnVlLCJjb250ZW50IjoicG9zdF9saW5rX3VybF9wYWdlIiwic2V0dGluZ3MiOnsicG9zdF9pZCI6IjE2NiJ9fQ==@&#8221; header_4_font_size_tablet=&#8221;&#8221; header_4_font_size_phone=&#8221;24px&#8221; header_4_font_size_last_edited=&#8221;on|phone&#8221; header_4_text_shadow_style=&#8221;preset1&#8243;]<\/p>\n<h4 style=\"text-align: center;\">Comercializaci\u00f3n<br \/> Comunicaci\u00f3n y<br \/> M\u00e1rketing<\/h4>\n<p>[\/et_pb_text][\/et_pb_column_inner][et_pb_column_inner type=&#8221;1_2&#8243; saved_specialty_column_type=&#8221;2_3&#8243; _builder_version=&#8221;4.0.4&#8243; use_background_color_gradient=&#8221;on&#8221; background_color_gradient_start=&#8221;#520fcb&#8221; background_color_gradient_end=&#8221;#06c5f8&#8243; background_color_gradient_type=&#8221;radial&#8221; background_color_gradient_direction_radial=&#8221;bottom left&#8221; background_color_gradient_start_position=&#8221;10%&#8221; background_color_gradient_end_position=&#8221;79%&#8221; custom_padding=&#8221;50px||68px||false|false&#8221;][et_pb_text _builder_version=&#8221;4.5.6&#8243; header_4_text_color=&#8221;#ffffff&#8221; header_4_font_size=&#8221;28px&#8221; link_option_url=&#8221;@ET-DC@eyJkeW5hbWljIjp0cnVlLCJjb250ZW50IjoicG9zdF9saW5rX3VybF9wYWdlIiwic2V0dGluZ3MiOnsicG9zdF9pZCI6IjE1NyJ9fQ==@&#8221; hover_enabled=&#8221;0&#8243; header_4_text_shadow_style=&#8221;preset1&#8243; _dynamic_attributes=&#8221;link_option_url&#8221;]<\/p>\n<h4 style=\"text-align: center;\">Calidad y<br \/> Concientizaci\u00f3n<\/h4>\n<p>[\/et_pb_text][\/et_pb_column_inner][\/et_pb_row_inner][et_pb_row_inner column_structure=&#8221;1_2,1_2&#8243; use_custom_gutter=&#8221;on&#8221; gutter_width=&#8221;2&#8243; _builder_version=&#8221;4.0.4&#8243; custom_padding=&#8221;7px|||||&#8221; animation_style=&#8221;slide&#8221; animation_delay=&#8221;1200ms&#8221;][et_pb_column_inner type=&#8221;1_2&#8243; saved_specialty_column_type=&#8221;2_3&#8243; _builder_version=&#8221;4.0.4&#8243; use_background_color_gradient=&#8221;on&#8221; background_color_gradient_start=&#8221;#3caaf6&#8243; background_color_gradient_end=&#8221;#31f9cc&#8221; background_color_gradient_type=&#8221;radial&#8221; background_color_gradient_direction_radial=&#8221;bottom right&#8221; background_color_gradient_start_position=&#8221;31%&#8221; custom_padding=&#8221;50px||69px||false|false&#8221; custom_padding_tablet=&#8221;&#8221; custom_padding_phone=&#8221;&#8221; custom_padding_last_edited=&#8221;on|desktop&#8221;][et_pb_text _builder_version=&#8221;4.5.6&#8243; header_4_text_color=&#8221;#ffffff&#8221; header_4_font_size=&#8221;31px&#8221; custom_margin=&#8221;||-8px||false|false&#8221; custom_margin_tablet=&#8221;&#8221; custom_margin_phone=&#8221;&#8221; custom_margin_last_edited=&#8221;on|desktop&#8221; custom_padding=&#8221;11px||0px||false|false&#8221; custom_padding_tablet=&#8221;&#8221; custom_padding_phone=&#8221;21px||||false|false&#8221; custom_padding_last_edited=&#8221;on|phone&#8221; link_option_url=&#8221;@ET-DC@eyJkeW5hbWljIjp0cnVlLCJjb250ZW50IjoicG9zdF9saW5rX3VybF9wYWdlIiwic2V0dGluZ3MiOnsicG9zdF9pZCI6IjE2MyJ9fQ==@&#8221; hover_enabled=&#8221;0&#8243; header_4_font_size_tablet=&#8221;&#8221; header_4_font_size_phone=&#8221;&#8221; header_4_font_size_last_edited=&#8221;on|phone&#8221; header_4_text_shadow_style=&#8221;preset1&#8243; _dynamic_attributes=&#8221;link_option_url&#8221;]<\/p>\n<h4 style=\"text-align: center;\">Desarrollo<br \/> Tur\u00edstico<\/h4>\n<p>[\/et_pb_text][\/et_pb_column_inner][et_pb_column_inner type=&#8221;1_2&#8243; saved_specialty_column_type=&#8221;2_3&#8243; _builder_version=&#8221;4.0.4&#8243; use_background_color_gradient=&#8221;on&#8221; background_color_gradient_start=&#8221;#fdd641&#8243; background_color_gradient_end=&#8221;#fb3b82&#8243; background_color_gradient_type=&#8221;radial&#8221; background_color_gradient_direction_radial=&#8221;bottom left&#8221; background_color_gradient_start_position=&#8221;10%&#8221; background_color_gradient_end_position=&#8221;79%&#8221; custom_padding=&#8221;50px||85px||false|false&#8221;][et_pb_text _builder_version=&#8221;4.5.6&#8243; header_4_text_color=&#8221;#ffffff&#8221; header_4_font_size=&#8221;31px&#8221; custom_margin=&#8221;||-10px||false|false&#8221; custom_padding=&#8221;29px||0px||false|false&#8221; custom_padding_tablet=&#8221;&#8221; custom_padding_phone=&#8221;&#8221; custom_padding_last_edited=&#8221;on|desktop&#8221; link_option_url=&#8221;@ET-DC@eyJkeW5hbWljIjp0cnVlLCJjb250ZW50IjoicG9zdF9saW5rX3VybF9wYWdlIiwic2V0dGluZ3MiOnsicG9zdF9pZCI6IjE4MSJ9fQ==@&#8221; hover_enabled=&#8221;0&#8243; header_4_font_size_tablet=&#8221;&#8221; header_4_font_size_phone=&#8221;&#8221; header_4_font_size_last_edited=&#8221;on|desktop&#8221; header_4_text_shadow_style=&#8221;preset1&#8243; _dynamic_attributes=&#8221;link_option_url&#8221;]<\/p>\n<h4 style=\"text-align: center;\">Arte y Cultura<\/h4>\n<p>[\/et_pb_text][\/et_pb_column_inner][\/et_pb_row_inner][\/et_pb_column][\/et_pb_section][et_pb_section fb_built=&#8221;1&#8243; _builder_version=&#8221;3.17.6&#8243; background_color=&#8221;#000000&#8243; custom_padding=&#8221;13px|0px|54px|0px|false|false&#8221; global_module=&#8221;111&#8243; saved_tabs=&#8221;all&#8221;][et_pb_row column_structure=&#8221;1_2,1_2&#8243; _builder_version=&#8221;3.25&#8243;][et_pb_column type=&#8221;1_2&#8243; _builder_version=&#8221;3.25&#8243; custom_padding=&#8221;|||&#8221; custom_padding__hover=&#8221;|||&#8221;][et_pb_image src=&#8221;https:\/\/cecat.com.ar\/wp-content\/uploads\/2018\/11\/logo_cecat_500_blanco.png&#8221; align=&#8221;right&#8221; align_tablet=&#8221;center&#8221; align_phone=&#8221;&#8221; align_last_edited=&#8221;on|desktop&#8221; _builder_version=&#8221;3.23&#8243; max_width=&#8221;41%&#8221;][\/et_pb_image][et_pb_text _builder_version=&#8221;3.27.4&#8243; custom_margin=&#8221;-19px||&#8221;]<\/p>\n<p style=\"text-align: right;\">Promoviendo el desarrollo tur\u00edstico y cultural<br \/> de la Provincia de Entre R\u00edos<\/p>\n<p style=\"text-align: right;\">Alfonsina Storni 9064 | C. del Uruguay | E.R.<br \/> <a href=\"https:\/\/cecat.com.ar\/terminos-y-condiciones\/\">T\u00e9rminos y Condiciones<\/a><\/p>\n<p>[\/et_pb_text][et_pb_text _builder_version=&#8221;3.27.4&#8243; text_line_height=&#8221;1em&#8221; header_5_text_color=&#8221;#686868&#8243;]<\/p>\n<h5 style=\"text-align: right;\"><em>Telefonos<\/em><\/h5>\n<p style=\"text-align: right;\">+54 3442 420624 \/ 420623<\/p>\n<p style=\"text-align: right;\"><a href=\"mailto:info@cecat.com.ar\">info@cecat.com.ar<\/a> | <a href=\"https:\/\/www.cecat.com.ar\">www.cecat.com.ar<\/a><\/p>\n<p>[\/et_pb_text][et_pb_social_media_follow _builder_version=&#8221;4.0.4&#8243; text_orientation=&#8221;right&#8221; custom_margin=&#8221;-17px||&#8221;][et_pb_social_media_follow_network social_network=&#8221;facebook&#8221; url=&#8221;https:\/\/www.facebook.com\/cecat.entre.rios&#8221; _builder_version=&#8221;3.17.6&#8243; background_color=&#8221;#3b5998&#8243; follow_button=&#8221;off&#8221; url_new_window=&#8221;on&#8221;]facebook[\/et_pb_social_media_follow_network][et_pb_social_media_follow_network social_network=&#8221;instagram&#8221; url=&#8221;https:\/\/www.instagram.com\/ce.ca.t\/&#8221; _builder_version=&#8221;4.0.4&#8243; background_color=&#8221;#ea2c59&#8243; custom_margin=&#8221;0px||&#8221; custom_padding=&#8221;0px||&#8221; follow_button=&#8221;off&#8221; url_new_window=&#8221;on&#8221;]instagram[\/et_pb_social_media_follow_network][\/et_pb_social_media_follow][\/et_pb_column][et_pb_column type=&#8221;1_2&#8243; _builder_version=&#8221;3.25&#8243; custom_padding=&#8221;|||&#8221; custom_padding__hover=&#8221;|||&#8221;][et_pb_code _builder_version=&#8221;3.17.6&#8243;]<iframe src=\"https:\/\/www.google.com\/maps\/embed?pb=!1m18!1m12!1m3!1d3366.273006467199!2d-58.2493275848258!3d-32.4653888810673!2m3!1f0!2f0!3f0!3m2!1i1024!2i768!4f13.1!3m3!1m2!1s0x0%3A0x0!2zMzLCsDI3JzU1LjQiUyA1OMKwMTQnNDkuNyJX!5e0!3m2!1ses!2sar!4v1543678880546\" width=\"400\" height=\"300\" frameborder=\"0\" style=\"border:0\" allowfullscreen><\/iframe>[\/et_pb_code][\/et_pb_column][\/et_pb_row][\/et_pb_section]<\/p>\n","protected":false},"excerpt":{"rendered":"<p>[et_pb_section fb_built=&#8221;1&#8243; specialty=&#8221;on&#8221; _builder_version=&#8221;4.0.4&#8243; use_background_color_gradient=&#8221;on&#8221; background_color_gradient_start=&#8221;rgba(0,0,0,0.5)&#8221; background_color_gradient_end=&#8221;rgba(0,0,0,0.5)&#8221; background_color_gradient_overlays_image=&#8221;on&#8221; background_image=&#8221;https:\/\/cecat.com.ar\/wp-content\/uploads\/2020\/02\/capacitaciones-op-2.jpg&#8221; custom_padding=&#8221;72px|0px|143px|0px|false|false&#8221;][et_pb_column type=&#8221;1_3&#8243; _builder_version=&#8221;3.25&#8243; custom_padding=&#8221;|||&#8221; parallax__hover=&#8221;off&#8221; parallax_method__hover=&#8221;on&#8221; custom_padding__hover=&#8221;|||&#8221;][et_pb_text _builder_version=&#8221;3.27.4&#8243; text_font=&#8221;||||||||&#8221; text_text_color=&#8221;#ffffff&#8221; header_font=&#8221;||||||||&#8221; header_font_size=&#8221;29px&#8221; header_2_font=&#8221;||||||||&#8221; header_2_text_color=&#8221;#ffffff&#8221; header_2_font_size=&#8221;33px&#8221; custom_margin=&#8221;||-1px&#8221; animation_style=&#8221;slide&#8221; animation_direction=&#8221;left&#8221; header_2_font_size_tablet=&#8221;&#8221; header_2_font_size_phone=&#8221;24px&#8221; header_2_font_size_last_edited=&#8221;on|phone&#8221;] Centro de Formaci\u00f3n Tur\u00edstica [\/et_pb_text][et_pb_divider color=&#8221;#00637f&#8221; divider_style=&#8221;outset&#8221; divider_weight=&#8221;8px&#8221; _builder_version=&#8221;3.17.6&#8243; max_width=&#8221;71%&#8221; animation_style=&#8221;slide&#8221; animation_direction=&#8221;left&#8221;] [\/et_pb_divider][et_pb_text _builder_version=&#8221;3.27.4&#8243; text_font=&#8221;||||||||&#8221; text_text_color=&#8221;#ffffff&#8221; text_line_height=&#8221;2.2em&#8221; custom_margin=&#8221;||42px&#8221; animation_style=&#8221;slide&#8221; animation_direction=&#8221;bottom&#8221; animation_delay=&#8221;500ms&#8221;] En tanto Centro de [&hellip;]<\/p>\n","protected":false},"author":1,"featured_media":0,"parent":0,"menu_order":0,"comment_status":"closed","ping_status":"closed","template":"","meta":{"_et_pb_use_builder":"on","_et_pb_old_content":"","_et_gb_content_width":""},"_links":{"self":[{"href":"https:\/\/cecat.com.ar\/index.php?rest_route=\/wp\/v2\/pages\/22"}],"collection":[{"href":"https:\/\/cecat.com.ar\/index.php?rest_route=\/wp\/v2\/pages"}],"about":[{"href":"https:\/\/cecat.com.ar\/index.php?rest_route=\/wp\/v2\/types\/page"}],"author":[{"embeddable":true,"href":"https:\/\/cecat.com.ar\/index.php?rest_route=\/wp\/v2\/users\/1"}],"replies":[{"embeddable":true,"href":"https:\/\/cecat.com.ar\/index.php?rest_route=%2Fwp%2Fv2%2Fcomments&post=22"}],"version-history":[{"count":72,"href":"https:\/\/cecat.com.ar\/index.php?rest_route=\/wp\/v2\/pages\/22\/revisions"}],"predecessor-version":[{"id":1804,"href":"https:\/\/cecat.com.ar\/index.php?rest_route=\/wp\/v2\/pages\/22\/revisions\/1804"}],"wp:attachment":[{"href":"https:\/\/cecat.com.ar\/index.php?rest_route=%2Fwp%2Fv2%2Fmedia&parent=22"}],"curies":[{"name":"wp","href":"https:\/\/api.w.org\/{rel}","templated":true}]}}