{"id":19,"date":"2018-11-24T12:22:34","date_gmt":"2018-11-24T12:22:34","guid":{"rendered":"http:\/\/cecat.com.ar\/?page_id=19"},"modified":"2020-02-13T15:03:10","modified_gmt":"2020-02-13T15:03:10","slug":"institucional","status":"publish","type":"page","link":"https:\/\/cecat.com.ar\/?page_id=19","title":{"rendered":"Institucional"},"content":{"rendered":"<p>[et_pb_section fb_built=&#8221;1&#8243; custom_padding_last_edited=&#8221;on|desktop&#8221; _builder_version=&#8221;4.0.4&#8243; use_background_color_gradient=&#8221;on&#8221; background_color_gradient_start=&#8221;rgba(0,0,0,0.59)&#8221; background_color_gradient_end=&#8221;rgba(0,0,0,0)&#8221; background_color_gradient_direction=&#8221;90deg&#8221; background_color_gradient_overlays_image=&#8221;on&#8221; background_image=&#8221;https:\/\/cecat.com.ar\/wp-content\/uploads\/2020\/02\/ER-INSTITUCIONAL-Atardecer-en-el-r\u00edo-La-Paz-3.jpg&#8221; custom_margin_tablet=&#8221;&#8221; custom_margin_phone=&#8221;0px||&#8221; custom_margin_last_edited=&#8221;on|desktop&#8221; custom_padding=&#8221;77px|0px|225px|0px|false|false&#8221; custom_padding_tablet=&#8221;&#8221; custom_padding_phone=&#8221;15px||49px&#8221; hover_enabled=&#8221;0&#8243;][et_pb_row _builder_version=&#8221;3.25&#8243;][et_pb_column type=&#8221;4_4&#8243; _builder_version=&#8221;3.25&#8243; custom_padding=&#8221;|||&#8221; custom_padding__hover=&#8221;|||&#8221;][et_pb_text _builder_version=&#8221;3.27.4&#8243; text_font=&#8221;||||||||&#8221; text_text_color=&#8221;#ffffff&#8221; text_font_size=&#8221;18px&#8221; header_font=&#8221;||||||||&#8221; header_text_color=&#8221;#ffffff&#8221; header_font_size=&#8221;41px&#8221; max_width=&#8221;64%&#8221; max_width_tablet=&#8221;&#8221; max_width_phone=&#8221;100%&#8221; max_width_last_edited=&#8221;on|desktop&#8221; animation_style=&#8221;slide&#8221; animation_direction=&#8221;left&#8221; animation_delay=&#8221;500ms&#8221;]<\/p>\n<h1 style=\"text-align: left;\"><strong>VISION<\/strong><\/h1>\n<p>[\/et_pb_text][et_pb_text _builder_version=&#8221;3.27.4&#8243; text_font=&#8221;||||||||&#8221; text_text_color=&#8221;#ffffff&#8221; text_font_size=&#8221;18px&#8221; header_font=&#8221;||||||||&#8221; header_text_color=&#8221;#ffffff&#8221; header_font_size=&#8221;41px&#8221; max_width=&#8221;40%&#8221; max_width_tablet=&#8221;&#8221; max_width_phone=&#8221;100%&#8221; max_width_last_edited=&#8221;on|desktop&#8221; custom_margin=&#8221;-25px||&#8221; animation_style=&#8221;slide&#8221; animation_direction=&#8221;left&#8221; animation_delay=&#8221;1000ms&#8221;]<\/p>\n<p>Ser un Centro de Formaci\u00f3n Tur\u00edstica de Excelencia a nivel Provincial.<\/p>\n<p style=\"text-align: left;\">[\/et_pb_text][et_pb_text _builder_version=&#8221;3.27.4&#8243; text_font=&#8221;||||||||&#8221; text_text_color=&#8221;#ffffff&#8221; text_font_size=&#8221;18px&#8221; header_font=&#8221;||||||||&#8221; header_text_color=&#8221;#ffffff&#8221; header_font_size=&#8221;41px&#8221; max_width=&#8221;64%&#8221; animation_style=&#8221;slide&#8221; animation_direction=&#8221;bottom&#8221; animation_delay=&#8221;2000ms&#8221;]<\/p>\n<h1><strong>MISION<\/strong><\/h1>\n<p>[\/et_pb_text][et_pb_text _builder_version=&#8221;3.27.4&#8243; text_font=&#8221;||||||||&#8221; text_text_color=&#8221;#ffffff&#8221; text_font_size=&#8221;18px&#8221; header_font=&#8221;||||||||&#8221; header_text_color=&#8221;#ffffff&#8221; header_font_size=&#8221;41px&#8221; max_width=&#8221;40%&#8221; max_width_tablet=&#8221;&#8221; max_width_phone=&#8221;100%&#8221; max_width_last_edited=&#8221;on|desktop&#8221; custom_margin=&#8221;-22px||&#8221; animation_style=&#8221;slide&#8221; animation_direction=&#8221;bottom&#8221; animation_delay=&#8221;3000ms&#8221;]<\/p>\n<p style=\"text-align: left;\">Promover el desarrollo tur\u00edstico y cultural de la Provincia de Entre R\u00edos de manera sostenible y sustentable en cada uno de sus departamentos, poniendo el foco en la generaci\u00f3n de valor del sector en general y cada uno de sus actores; la excelencia en la calidad tur\u00edstica; as\u00ed como en la promoci\u00f3n y protecci\u00f3n de sus riquezas naturales, hist\u00f3ricas y culturales.<\/p>\n<p>[\/et_pb_text][\/et_pb_column][\/et_pb_row][et_pb_row _builder_version=&#8221;3.25&#8243; custom_padding=&#8221;0|0px|27px|0px|false|false&#8221;][et_pb_column type=&#8221;4_4&#8243; _builder_version=&#8221;3.25&#8243; custom_padding=&#8221;|||&#8221; custom_padding__hover=&#8221;|||&#8221;][et_pb_button button_url=&#8221;#objetivos&#8221; button_text=&#8221; &#8221; button_alignment=&#8221;center&#8221; _builder_version=&#8221;3.17.6&#8243; custom_button=&#8221;on&#8221; button_text_size=&#8221;47px&#8221; button_border_width=&#8221;0px&#8221; button_font=&#8221;||||||||&#8221; button_icon=&#8221;%%26%%&#8221; button_icon_color=&#8221;#ffffff&#8221; button_icon_placement=&#8221;left&#8221; button_on_hover=&#8221;off&#8221; animation_style=&#8221;fade&#8221; animation_duration=&#8221;1400ms&#8221; animation_delay=&#8221;3500ms&#8221; animation_repeat=&#8221;loop&#8221;][\/et_pb_button][\/et_pb_column][\/et_pb_row][\/et_pb_section][et_pb_section fb_built=&#8221;1&#8243; custom_padding_last_edited=&#8221;on|desktop&#8221; module_id=&#8221;objetivos&#8221; _builder_version=&#8221;3.22&#8243; use_background_color_gradient=&#8221;on&#8221; background_color_gradient_start=&#8221;rgba(224,224,224,0.88)&#8221; background_color_gradient_end=&#8221;rgba(255,255,255,0.85)&#8221; background_color_gradient_overlays_image=&#8221;on&#8221; background_image=&#8221;https:\/\/cecat.com.ar\/wp-content\/uploads\/2018\/11\/CDU4-854.jpg&#8221; custom_padding_tablet=&#8221;&#8221; custom_padding_phone=&#8221;50px||&#8221; top_divider_style=&#8221;ramp2&#8243; top_divider_color=&#8221;#242424&#8243; top_divider_height=&#8221;66px&#8221; top_divider_height_tablet=&#8221;&#8221; top_divider_height_phone=&#8221;39px&#8221; top_divider_height_last_edited=&#8221;on|desktop&#8221; bottom_divider_style=&#8221;wave2&#8243; bottom_divider_color=&#8221;#000000&#8243; bottom_divider_height_tablet=&#8221;&#8221; bottom_divider_height_phone=&#8221;49px&#8221; bottom_divider_height_last_edited=&#8221;on|desktop&#8221;][et_pb_row column_structure=&#8221;1_2,1_2&#8243; _builder_version=&#8221;3.25&#8243;][et_pb_column type=&#8221;1_2&#8243; _builder_version=&#8221;3.25&#8243; custom_padding=&#8221;|||&#8221; custom_padding__hover=&#8221;|||&#8221;][et_pb_text _builder_version=&#8221;3.27.4&#8243;]<\/p>\n<h1>Objetivos<\/h1>\n<p>[\/et_pb_text][et_pb_text _builder_version=&#8221;3.27.4&#8243;]<\/p>\n<ul>\n<li>Promover la excelencia en la atenci\u00f3n al turista.<\/li>\n<li>Brindarle al sector las herramientas necesarias para optimizar la atenci\u00f3n y los servicios al turista acorde a los requerimientos de la demanda actual.<\/li>\n<li>Promover una oferta tur\u00edstica integral de alta calidad.<\/li>\n<li>Certificar los procesos de gesti\u00f3n de calidad en todos los niveles y prestaciones del sector.<\/li>\n<li>Promover la investigaci\u00f3n en materia tur\u00edstica, innovaci\u00f3n y aplicaci\u00f3n de nuevas tecnolog\u00edas.<\/li>\n<li>Generar espacios de encuentro entre los diferentes actores que componen el sector tur\u00edstico (funcionarios, inversores, emprendedores) con el fin de crear valor y fortalecer lazos que posibiliten un desarrollo arm\u00f3nico e integral del turismo entrerriano.<\/li>\n<li>Promover el turismo sustentable, responsable y accesible.<\/li>\n<li>Procurar el mantenimiento de la calidad del ambiente natural y cultural del que dependen las poblaciones locales y los turistas.<\/li>\n<li>Otorgar visibilidad a las diferentes regiones y sus riquezas naturales, culturales e hist\u00f3ricas.<\/li>\n<li>Concientizar a la comunidad entrerriana en general acerca de sus riquezas naturales, culturales, hist\u00f3ricas.<\/li>\n<li>Obtener mayores niveles de rentabilidad econ\u00f3mica de la actividad tur\u00edstica de la Provincia.<\/li>\n<\/ul>\n<p>[\/et_pb_text][\/et_pb_column][et_pb_column type=&#8221;1_2&#8243; _builder_version=&#8221;3.25&#8243; custom_padding=&#8221;|||&#8221; custom_padding__hover=&#8221;|||&#8221;][et_pb_text _builder_version=&#8221;3.27.4&#8243;]<\/p>\n<h1>Destinatarios<\/h1>\n<p>[\/et_pb_text][et_pb_text _builder_version=&#8221;3.27.4&#8243;]<\/p>\n<ul>\n<li>Prestadores tur\u00edsticos de la Provincia de Entre R\u00edos<\/li>\n<li>Empleados del sector<\/li>\n<li>Estudiantes de carreras afines<\/li>\n<li>Comerciantes<\/li>\n<li>Emprendedores, microempresarios<\/li>\n<li>Interesados en la problem\u00e1tica<\/li>\n<li>Comunidad entrerriana en general<\/li>\n<li>Agentes de organismos provinciales y municipales vinculados al turismo.<\/li>\n<li>Agentes de ONG y fundaciones vinculadas al turismo.<\/li>\n<\/ul>\n<p>[\/et_pb_text][\/et_pb_column][\/et_pb_row][\/et_pb_section][et_pb_section fb_built=&#8221;1&#8243; _builder_version=&#8221;3.17.6&#8243; background_color=&#8221;#000000&#8243; custom_padding=&#8221;13px|0px|54px|0px|false|false&#8221; global_module=&#8221;111&#8243; saved_tabs=&#8221;all&#8221;][et_pb_row column_structure=&#8221;1_2,1_2&#8243; _builder_version=&#8221;3.25&#8243;][et_pb_column type=&#8221;1_2&#8243; _builder_version=&#8221;3.25&#8243; custom_padding=&#8221;|||&#8221; custom_padding__hover=&#8221;|||&#8221;][et_pb_image src=&#8221;https:\/\/cecat.com.ar\/wp-content\/uploads\/2018\/11\/logo_cecat_500_blanco.png&#8221; align=&#8221;right&#8221; align_tablet=&#8221;center&#8221; align_phone=&#8221;&#8221; align_last_edited=&#8221;on|desktop&#8221; _builder_version=&#8221;3.23&#8243; max_width=&#8221;41%&#8221;][\/et_pb_image][et_pb_text _builder_version=&#8221;3.27.4&#8243; custom_margin=&#8221;-19px||&#8221;]<\/p>\n<p style=\"text-align: right;\">Promoviendo el desarrollo tur\u00edstico y cultural<br \/> de la Provincia de Entre R\u00edos<\/p>\n<p style=\"text-align: right;\">Alfonsina Storni 9064 | C. del Uruguay | E.R.<br \/> <a href=\"https:\/\/cecat.com.ar\/terminos-y-condiciones\/\">T\u00e9rminos y Condiciones<\/a><\/p>\n<p>[\/et_pb_text][et_pb_text _builder_version=&#8221;3.27.4&#8243; text_line_height=&#8221;1em&#8221; header_5_text_color=&#8221;#686868&#8243;]<\/p>\n<h5 style=\"text-align: right;\"><em>Telefonos<\/em><\/h5>\n<p style=\"text-align: right;\">+54 3442 420624 \/ 420623<\/p>\n<p style=\"text-align: right;\"><a href=\"mailto:info@cecat.com.ar\">info@cecat.com.ar<\/a> | <a href=\"https:\/\/www.cecat.com.ar\">www.cecat.com.ar<\/a><\/p>\n<p>[\/et_pb_text][et_pb_social_media_follow _builder_version=&#8221;4.0.4&#8243; text_orientation=&#8221;right&#8221; custom_margin=&#8221;-17px||&#8221;][et_pb_social_media_follow_network social_network=&#8221;facebook&#8221; url=&#8221;https:\/\/www.facebook.com\/cecat.entre.rios&#8221; _builder_version=&#8221;3.17.6&#8243; background_color=&#8221;#3b5998&#8243; follow_button=&#8221;off&#8221; url_new_window=&#8221;on&#8221;]facebook[\/et_pb_social_media_follow_network][et_pb_social_media_follow_network social_network=&#8221;instagram&#8221; url=&#8221;https:\/\/www.instagram.com\/ce.ca.t\/&#8221; _builder_version=&#8221;4.0.4&#8243; background_color=&#8221;#ea2c59&#8243; custom_margin=&#8221;0px||&#8221; custom_padding=&#8221;0px||&#8221; follow_button=&#8221;off&#8221; url_new_window=&#8221;on&#8221;]instagram[\/et_pb_social_media_follow_network][\/et_pb_social_media_follow][\/et_pb_column][et_pb_column type=&#8221;1_2&#8243; _builder_version=&#8221;3.25&#8243; custom_padding=&#8221;|||&#8221; custom_padding__hover=&#8221;|||&#8221;][et_pb_code _builder_version=&#8221;3.17.6&#8243;]<iframe src=\"https:\/\/www.google.com\/maps\/embed?pb=!1m18!1m12!1m3!1d3366.273006467199!2d-58.2493275848258!3d-32.4653888810673!2m3!1f0!2f0!3f0!3m2!1i1024!2i768!4f13.1!3m3!1m2!1s0x0%3A0x0!2zMzLCsDI3JzU1LjQiUyA1OMKwMTQnNDkuNyJX!5e0!3m2!1ses!2sar!4v1543678880546\" width=\"400\" height=\"300\" frameborder=\"0\" style=\"border:0\" allowfullscreen><\/iframe>[\/et_pb_code][\/et_pb_column][\/et_pb_row][\/et_pb_section]<\/p>\n","protected":false},"excerpt":{"rendered":"<p>[et_pb_section fb_built=&#8221;1&#8243; custom_padding_last_edited=&#8221;on|desktop&#8221; _builder_version=&#8221;4.0.4&#8243; use_background_color_gradient=&#8221;on&#8221; background_color_gradient_start=&#8221;rgba(0,0,0,0.59)&#8221; background_color_gradient_end=&#8221;rgba(0,0,0,0)&#8221; background_color_gradient_direction=&#8221;90deg&#8221; background_color_gradient_overlays_image=&#8221;on&#8221; background_image=&#8221;https:\/\/cecat.com.ar\/wp-content\/uploads\/2020\/02\/ER-INSTITUCIONAL-Atardecer-en-el-r\u00edo-La-Paz-3.jpg&#8221; custom_margin_tablet=&#8221;&#8221; custom_margin_phone=&#8221;0px||&#8221; custom_margin_last_edited=&#8221;on|desktop&#8221; custom_padding=&#8221;77px|0px|225px|0px|false|false&#8221; custom_padding_tablet=&#8221;&#8221; custom_padding_phone=&#8221;15px||49px&#8221; hover_enabled=&#8221;0&#8243;][et_pb_row _builder_version=&#8221;3.25&#8243;][et_pb_column type=&#8221;4_4&#8243; _builder_version=&#8221;3.25&#8243; custom_padding=&#8221;|||&#8221; custom_padding__hover=&#8221;|||&#8221;][et_pb_text _builder_version=&#8221;3.27.4&#8243; text_font=&#8221;||||||||&#8221; text_text_color=&#8221;#ffffff&#8221; text_font_size=&#8221;18px&#8221; header_font=&#8221;||||||||&#8221; header_text_color=&#8221;#ffffff&#8221; header_font_size=&#8221;41px&#8221; max_width=&#8221;64%&#8221; max_width_tablet=&#8221;&#8221; max_width_phone=&#8221;100%&#8221; max_width_last_edited=&#8221;on|desktop&#8221; animation_style=&#8221;slide&#8221; animation_direction=&#8221;left&#8221; animation_delay=&#8221;500ms&#8221;] VISION [\/et_pb_text][et_pb_text _builder_version=&#8221;3.27.4&#8243; text_font=&#8221;||||||||&#8221; text_text_color=&#8221;#ffffff&#8221; text_font_size=&#8221;18px&#8221; header_font=&#8221;||||||||&#8221; header_text_color=&#8221;#ffffff&#8221; header_font_size=&#8221;41px&#8221; max_width=&#8221;40%&#8221; max_width_tablet=&#8221;&#8221; max_width_phone=&#8221;100%&#8221; max_width_last_edited=&#8221;on|desktop&#8221; custom_margin=&#8221;-25px||&#8221; animation_style=&#8221;slide&#8221; animation_direction=&#8221;left&#8221; animation_delay=&#8221;1000ms&#8221;] Ser un [&hellip;]<\/p>\n","protected":false},"author":1,"featured_media":0,"parent":0,"menu_order":0,"comment_status":"closed","ping_status":"closed","template":"","meta":{"_et_pb_use_builder":"on","_et_pb_old_content":"","_et_gb_content_width":""},"_links":{"self":[{"href":"https:\/\/cecat.com.ar\/index.php?rest_route=\/wp\/v2\/pages\/19"}],"collection":[{"href":"https:\/\/cecat.com.ar\/index.php?rest_route=\/wp\/v2\/pages"}],"about":[{"href":"https:\/\/cecat.com.ar\/index.php?rest_route=\/wp\/v2\/types\/page"}],"author":[{"embeddable":true,"href":"https:\/\/cecat.com.ar\/index.php?rest_route=\/wp\/v2\/users\/1"}],"replies":[{"embeddable":true,"href":"https:\/\/cecat.com.ar\/index.php?rest_route=%2Fwp%2Fv2%2Fcomments&post=19"}],"version-history":[{"count":20,"href":"https:\/\/cecat.com.ar\/index.php?rest_route=\/wp\/v2\/pages\/19\/revisions"}],"predecessor-version":[{"id":1668,"href":"https:\/\/cecat.com.ar\/index.php?rest_route=\/wp\/v2\/pages\/19\/revisions\/1668"}],"wp:attachment":[{"href":"https:\/\/cecat.com.ar\/index.php?rest_route=%2Fwp%2Fv2%2Fmedia&parent=19"}],"curies":[{"name":"wp","href":"https:\/\/api.w.org\/{rel}","templated":true}]}}