{"id":12,"date":"2018-11-23T22:30:19","date_gmt":"2018-11-23T22:30:19","guid":{"rendered":"http:\/\/cecat.com.ar\/?page_id=12"},"modified":"2022-10-27T11:29:54","modified_gmt":"2022-10-27T14:29:54","slug":"inicio","status":"publish","type":"page","link":"https:\/\/cecat.com.ar\/","title":{"rendered":"Inicio"},"content":{"rendered":"<p>[et_pb_section fb_built=&#8221;1&#8243; _builder_version=&#8221;4.5.6&#8243; use_background_color_gradient=&#8221;on&#8221; background_color_gradient_start=&#8221;rgba(0,0,0,0.75)&#8221; background_color_gradient_end=&#8221;rgba(0,0,0,0.06)&#8221; background_color_gradient_direction=&#8221;41deg&#8221; background_color_gradient_overlays_image=&#8221;on&#8221; background_image=&#8221;https:\/\/cecat.com.ar\/wp-content\/uploads\/2021\/10\/74333187_547852586045216_4482829517714358272_n.jpg&#8221; background_position=&#8221;bottom_center&#8221; min_height=&#8221;625px&#8221; custom_margin=&#8221;||-175px|||&#8221; custom_padding=&#8221;42px|0px|0px|0px|false|false&#8221;][et_pb_row admin_label=&#8221;Row&#8221; _builder_version=&#8221;4.5.6&#8243; min_height=&#8221;222px&#8221; custom_padding=&#8221;28px|0px|20px|0px|false|false&#8221; locked=&#8221;off&#8221;][et_pb_column type=&#8221;4_4&#8243; _builder_version=&#8221;3.25&#8243; custom_padding=&#8221;|||&#8221; custom_padding__hover=&#8221;|||&#8221;][et_pb_image src=&#8221;https:\/\/cecat.com.ar\/wp-content\/uploads\/2018\/11\/logo_cecat_500_blanco.png&#8221; align=&#8221;center&#8221; align_tablet=&#8221;center&#8221; align_phone=&#8221;&#8221; align_last_edited=&#8221;on|desktop&#8221; admin_label=&#8221;Image&#8221; _builder_version=&#8221;3.23&#8243; max_width=&#8221;35%&#8221; max_width_tablet=&#8221;&#8221; max_width_phone=&#8221;72%&#8221; max_width_last_edited=&#8221;on|phone&#8221; custom_margin=&#8221;-12px||&#8221; animation_style=&#8221;slide&#8221; animation_delay=&#8221;700ms&#8221;][\/et_pb_image][\/et_pb_column][\/et_pb_row][et_pb_row _builder_version=&#8221;3.25&#8243; custom_padding=&#8221;2px|0px|1px|0px|false|false&#8221;][et_pb_column type=&#8221;4_4&#8243; _builder_version=&#8221;3.25&#8243; custom_padding=&#8221;|||&#8221; custom_padding__hover=&#8221;|||&#8221;][et_pb_text _builder_version=&#8221;3.27.4&#8243; text_font=&#8221;||||||||&#8221; text_text_color=&#8221;#ffffff&#8221; text_font_size=&#8221;31px&#8221; text_line_height=&#8221;1.2em&#8221; min_height=&#8221;84px&#8221; custom_margin=&#8221;2px||44px|||&#8221; custom_margin_tablet=&#8221;&#8221; custom_margin_phone=&#8221;-19px||&#8221; custom_margin_last_edited=&#8221;on|desktop&#8221; animation_style=&#8221;slide&#8221; animation_direction=&#8221;left&#8221; animation_delay=&#8221;1300ms&#8221; text_font_size_tablet=&#8221;&#8221; text_font_size_phone=&#8221;13px&#8221; text_font_size_last_edited=&#8221;on|phone&#8221; text_text_shadow_style=&#8221;preset2&#8243;]<\/p>\n<p style=\"text-align: center;\">Promoviendo el desarrollo tur\u00edstico y cultural de la Provincia de Entre R\u00edos de manera sostenible y sustentable.<\/p>\n<p>[\/et_pb_text][\/et_pb_column][\/et_pb_row][\/et_pb_section][et_pb_section fb_built=&#8221;1&#8243; specialty=&#8221;on&#8221; _builder_version=&#8221;4.5.6&#8243; _module_preset=&#8221;default&#8221; min_height=&#8221;273px&#8221; custom_padding=&#8221;27px|||||&#8221; hover_enabled=&#8221;0&#8243;][et_pb_column type=&#8221;1_2&#8243; _builder_version=&#8221;3.25&#8243; custom_padding=&#8221;|||&#8221; custom_padding__hover=&#8221;|||&#8221;][et_pb_image src=&#8221;https:\/\/cecat.com.ar\/wp-content\/uploads\/2022\/10\/312043048_10226462330057597_8957049933518288892_n.jpg&#8221; title_text=&#8221;312043048_10226462330057597_8957049933518288892_n&#8221; _builder_version=&#8221;4.5.6&#8243; _module_preset=&#8221;default&#8221; hover_enabled=&#8221;0&#8243;][\/et_pb_image][et_pb_gallery _builder_version=&#8221;4.5.6&#8243; _module_preset=&#8221;default&#8221; hover_enabled=&#8221;0&#8243; gallery_ids=&#8221;2253,2252,2251,2250&#8243; caption_text_shadow_style=&#8221;preset4&#8243; title_level=&#8221;h6&#8243; title_font=&#8221;Acme||||||||&#8221;][\/et_pb_gallery][\/et_pb_column][et_pb_column type=&#8221;1_2&#8243; specialty_columns=&#8221;2&#8243; _builder_version=&#8221;3.25&#8243; custom_padding=&#8221;|||&#8221; custom_padding__hover=&#8221;|||&#8221;][et_pb_row_inner _builder_version=&#8221;4.5.6&#8243; _module_preset=&#8221;default&#8221; custom_margin=&#8221;||4px|||&#8221; width=&#8221;100%&#8221;][et_pb_column_inner saved_specialty_column_type=&#8221;1_2&#8243; _builder_version=&#8221;4.5.6&#8243; _module_preset=&#8221;default&#8221;][et_pb_text content_tablet=&#8221;&#8221; content_phone=&#8221;&#8221; content_last_edited=&#8221;on|desktop&#8221; admin_label=&#8221;Text&#8221; _builder_version=&#8221;4.5.6&#8243; _module_preset=&#8221;default&#8221; hover_enabled=&#8221;0&#8243;]<\/p>\n<h2 dir=\"auto\"><strong><span>Se realiz\u00f3 en el predio del CeCat y tuvo una multitudinaria concurrencia.<\/span><\/strong><\/h2>\n<div dir=\"auto\"><\/div>\n<p><span style=\"font-size: 30px;\"><\/span><\/p>\n<p><span style=\"font-size: 30px;\"><\/span><\/p>\n<p><span style=\"font-size: 30px;\"><\/span><\/p>\n<div class=\"o9v6fnle cxmmr5t8 oygrvhab hcukyx3x c1et5uql ii04i59q\">\n<div dir=\"auto\">\n<div dir=\"auto\">\n<div class=\"o9v6fnle cxmmr5t8 oygrvhab hcukyx3x c1et5uql ii04i59q\">\n<div dir=\"auto\">\n<p><span class=\"pq6dq46d tbxw36s4 knj5qynh kvgmc6g5 ditlmg2l oygrvhab nvdbi5me sf5mxxl7 gl3lb2sf hhz5lgdu\" style=\"font-size: 14px;\"><img loading=\"lazy\" src=\"https:\/\/static.xx.fbcdn.net\/images\/emoji.php\/v9\/t51\/1\/16\/1f449.png\" alt=\"&#x1f449;\" width=\"16\" height=\"16\" \/><\/span><\/p>\n<div dir=\"auto\"><strong style=\"font-size: 14px;\">Se inaugur\u00f3 la muestra con la presencia del Gobernador Gustavo Bordet, el Intendente Martin Oliva y dem\u00e1s autoridades institucionales.<\/strong><\/div>\n<div dir=\"auto\"><\/div>\n<div dir=\"auto\">Dentro de las actividades previstas se realiz\u00f3 la ronda de negocios coordinada por la C\u00e1mara Argentina de la Mediana Empresa (CAME) y el Centro Comercial. Fueron 70 las empresas inscriptas y m\u00e1s de 400 las reuniones concretadas.<\/div>\n<div dir=\"auto\"><\/div>\n<div dir=\"auto\">Durante los tres d\u00edas que dur\u00f3 la exitosa Expo se desarroll\u00f3 un ciclo de charlas que tuvo alta repercusi\u00f3n, ya que todas las conferencias contaron con un buen marco de p\u00fablico interesados en escuchar el tema que se propon\u00eda.<\/div>\n<div dir=\"auto\"><\/div>\n<div dir=\"auto\">El sector destinado a la gastronom\u00eda y espect\u00e1culos el p\u00fablico que lo visit\u00f3 fue incesante, disfrutando de cervezas artesanales, buena comida y un escenario que tuvo a bandas locales actuando para los numerosos asistentes.<\/div>\n<div dir=\"auto\"><\/div>\n<div dir=\"auto\">La carpa destinada a las universidades e instituciones educativas fue quien recibi\u00f3 a los visitantes y todas pudieron mostrar sus actividades de extensi\u00f3n y la amplia oferta educativa de la ciudad.<\/div>\n<div dir=\"auto\"><\/div>\n<div dir=\"auto\">En lo que se refiere al sector comercial, tambi\u00e9n el p\u00fablico se mostr\u00f3 interesado en cada una de las propuestas que se ofrec\u00edan, concretando muchos compromisos de ventas a futuro.<\/div>\n<div dir=\"auto\"><\/div>\n<div dir=\"auto\">Por \u00faltimo, los principales ejecutivos y directivos de las m\u00e1s importantes empresas del sector av\u00edcola y metalmec\u00e1nico, se mostraron altamente satisfechos por la repercusi\u00f3n que ha tenido esta Expo, instando a que se le d\u00e9 continuidad y comprometi\u00e9ndose a seguir brindando todo el apoyo necesario.<\/div>\n<div dir=\"auto\"><\/div>\n<div dir=\"auto\">La Comisi\u00f3n Organizadora agradece por este medio a todos los que han participado de la misma y al p\u00fablico que dio su apoyo en forma multitudinaria durante los tres d\u00edas en que dur\u00f3 la muestra.<\/div>\n<div class=\"cxmmr5t8 oygrvhab hcukyx3x c1et5uql o9v6fnle ii04i59q\">\n<div dir=\"auto\"><\/div>\n<div dir=\"auto\"><\/div>\n<\/div>\n<\/div>\n<\/div>\n<\/div>\n<\/div>\n<\/div>\n<p>[\/et_pb_text][\/et_pb_column_inner][\/et_pb_row_inner][\/et_pb_column][\/et_pb_section][et_pb_section fb_built=&#8221;1&#8243; specialty=&#8221;on&#8221; _builder_version=&#8221;4.5.6&#8243; _module_preset=&#8221;default&#8221; min_height=&#8221;769px&#8221; custom_padding=&#8221;0px|||||&#8221;][et_pb_column type=&#8221;1_2&#8243; _builder_version=&#8221;3.25&#8243; custom_padding=&#8221;|||&#8221; custom_padding__hover=&#8221;|||&#8221;][et_pb_image src=&#8221;https:\/\/cecat.com.ar\/wp-content\/uploads\/2022\/07\/wdd.jpg&#8221; title_text=&#8221;wdd&#8221; _builder_version=&#8221;4.5.6&#8243; _module_preset=&#8221;default&#8221;][\/et_pb_image][\/et_pb_column][et_pb_column type=&#8221;1_2&#8243; specialty_columns=&#8221;2&#8243; _builder_version=&#8221;3.25&#8243; custom_padding=&#8221;|||&#8221; custom_padding__hover=&#8221;|||&#8221;][et_pb_row_inner _builder_version=&#8221;4.5.6&#8243; _module_preset=&#8221;default&#8221; min_height=&#8221;497px&#8221; collapsed=&#8221;on&#8221;][et_pb_column_inner saved_specialty_column_type=&#8221;1_2&#8243; _builder_version=&#8221;4.5.6&#8243; _module_preset=&#8221;default&#8221;][et_pb_text content_tablet=&#8221;&#8221; content_phone=&#8221;&#8221; content_last_edited=&#8221;on|desktop&#8221; _builder_version=&#8221;4.5.6&#8243; _module_preset=&#8221;default&#8221;]<\/p>\n<h1 class=\"gmail_default\"><span><\/span><\/h1>\n<div class=\"et_pb_row et_pb_row_2\">\n<div class=\"et_pb_column_inner et_pb_column_4_4 et_pb_column_4  et_pb_css_mix_blend_mode_passthrough et-last-child\">\n<div class=\"et_pb_module et_pb_text et_pb_text_1  et_pb_text_align_left et_pb_bg_layout_light\">\n<div class=\"et_pb_text_inner\">\n<p><strong>CeCaT cuenta con las siguientes instalaciones y est\u00e1n disponibles con previa solicitud:<\/strong><\/p>\n<p>Se puede solicitar (sin costo alguno) para presentaciones de libro, exposiciones de arte, obras, encuentros, jornadas solidarias, etc.<\/p>\n<p>Las instalaciones cuentan con aire acondicionado, wifi, sonido, proyector, pizarras, y dem\u00e1s condiciones t\u00e9cnicas.\u00a0 Enviar un mail a recepcion.cecat@gmail.com<\/p>\n<\/div>\n<\/div>\n<\/div>\n<\/div>\n<div class=\"kvgmc6g5 cxmmr5t8 oygrvhab hcukyx3x c1et5uql ii04i59q\">\n<div dir=\"auto\">\n<div class=\"kvgmc6g5 cxmmr5t8 oygrvhab hcukyx3x c1et5uql ii04i59q\">\n<div dir=\"auto\">\n<div class=\"kvgmc6g5 cxmmr5t8 oygrvhab hcukyx3x c1et5uql ii04i59q\">\n<div dir=\"auto\">\n<div class=\"o9v6fnle cxmmr5t8 oygrvhab hcukyx3x c1et5uql ii04i59q\">\n<div dir=\"auto\">\n<div class=\"cxmmr5t8 oygrvhab hcukyx3x c1et5uql o9v6fnle ii04i59q\">\n<div dir=\"auto\"><\/div>\n<\/div>\n<\/div>\n<\/div>\n<\/div>\n<\/div>\n<div class=\"o9v6fnle cxmmr5t8 oygrvhab hcukyx3x c1et5uql ii04i59q\"><\/div>\n<\/div>\n<\/div>\n<\/div>\n<\/div>\n<p>[\/et_pb_text][\/et_pb_column_inner][\/et_pb_row_inner][\/et_pb_column][\/et_pb_section][et_pb_section fb_built=&#8221;1&#8243; _builder_version=&#8221;3.17.6&#8243; background_color=&#8221;#000000&#8243; min_height=&#8221;309px&#8221; custom_margin=&#8221;||-34px|||&#8221; custom_padding=&#8221;41px|0px|54px|0px|false|false&#8221; global_module=&#8221;111&#8243; saved_tabs=&#8221;all&#8221;][et_pb_row column_structure=&#8221;1_2,1_2&#8243; _builder_version=&#8221;3.25&#8243;][et_pb_column type=&#8221;1_2&#8243; _builder_version=&#8221;3.25&#8243; custom_padding=&#8221;|||&#8221; custom_padding__hover=&#8221;|||&#8221;][et_pb_image src=&#8221;https:\/\/cecat.com.ar\/wp-content\/uploads\/2018\/11\/logo_cecat_500_blanco.png&#8221; align=&#8221;right&#8221; align_tablet=&#8221;center&#8221; align_phone=&#8221;&#8221; align_last_edited=&#8221;on|desktop&#8221; _builder_version=&#8221;3.23&#8243; max_width=&#8221;41%&#8221;][\/et_pb_image][et_pb_text _builder_version=&#8221;3.27.4&#8243; custom_margin=&#8221;-19px||&#8221;]<\/p>\n<p style=\"text-align: right;\">Promoviendo el desarrollo tur\u00edstico y cultural<br \/> de la Provincia de Entre R\u00edos<\/p>\n<p style=\"text-align: right;\">Alfonsina Storni 9064 | C. del Uruguay | E.R.<br \/> <a href=\"https:\/\/cecat.com.ar\/terminos-y-condiciones\/\">T\u00e9rminos y Condiciones<\/a><\/p>\n<p>[\/et_pb_text][et_pb_text _builder_version=&#8221;3.27.4&#8243; text_line_height=&#8221;1em&#8221; header_5_text_color=&#8221;#686868&#8243;]<\/p>\n<h5 style=\"text-align: right;\"><em>Telefonos<\/em><\/h5>\n<p style=\"text-align: right;\"><a href=\"mailto:info@cecat.com.ar\">recepcion.cecat@gmail.com<\/a>\u00a0| <a href=\"https:\/\/www.cecat.com.ar\">www.cecat.com.ar<\/a><\/p>\n<p>[\/et_pb_text][et_pb_social_media_follow _builder_version=&#8221;4.0.4&#8243; text_orientation=&#8221;right&#8221; custom_margin=&#8221;-17px||&#8221;][et_pb_social_media_follow_network social_network=&#8221;facebook&#8221; url=&#8221;https:\/\/www.facebook.com\/cecat.entre.rios&#8221; _builder_version=&#8221;3.17.6&#8243; background_color=&#8221;#3b5998&#8243; follow_button=&#8221;off&#8221; url_new_window=&#8221;on&#8221;]facebook[\/et_pb_social_media_follow_network][et_pb_social_media_follow_network social_network=&#8221;instagram&#8221; url=&#8221;https:\/\/www.instagram.com\/ce.ca.t\/&#8221; _builder_version=&#8221;4.0.4&#8243; background_color=&#8221;#ea2c59&#8243; custom_margin=&#8221;0px||&#8221; custom_padding=&#8221;0px||&#8221; follow_button=&#8221;off&#8221; url_new_window=&#8221;on&#8221;]instagram[\/et_pb_social_media_follow_network][\/et_pb_social_media_follow][\/et_pb_column][et_pb_column type=&#8221;1_2&#8243; _builder_version=&#8221;3.25&#8243; custom_padding=&#8221;|||&#8221; custom_padding__hover=&#8221;|||&#8221;][et_pb_code _builder_version=&#8221;3.17.6&#8243;]<iframe src=\"https:\/\/www.google.com\/maps\/embed?pb=!1m18!1m12!1m3!1d3366.273006467199!2d-58.2493275848258!3d-32.4653888810673!2m3!1f0!2f0!3f0!3m2!1i1024!2i768!4f13.1!3m3!1m2!1s0x0%3A0x0!2zMzLCsDI3JzU1LjQiUyA1OMKwMTQnNDkuNyJX!5e0!3m2!1ses!2sar!4v1543678880546\" width=\"400\" height=\"300\" frameborder=\"0\" style=\"border:0\" allowfullscreen><\/iframe>[\/et_pb_code][\/et_pb_column][\/et_pb_row][\/et_pb_section]<\/p>\n","protected":false},"excerpt":{"rendered":"<p>[et_pb_section fb_built=&#8221;1&#8243; _builder_version=&#8221;4.5.6&#8243; use_background_color_gradient=&#8221;on&#8221; background_color_gradient_start=&#8221;rgba(0,0,0,0.75)&#8221; background_color_gradient_end=&#8221;rgba(0,0,0,0.06)&#8221; background_color_gradient_direction=&#8221;41deg&#8221; background_color_gradient_overlays_image=&#8221;on&#8221; background_image=&#8221;https:\/\/cecat.com.ar\/wp-content\/uploads\/2021\/10\/74333187_547852586045216_4482829517714358272_n.jpg&#8221; background_position=&#8221;bottom_center&#8221; min_height=&#8221;625px&#8221; custom_margin=&#8221;||-175px|||&#8221; custom_padding=&#8221;42px|0px|0px|0px|false|false&#8221;][et_pb_row admin_label=&#8221;Row&#8221; _builder_version=&#8221;4.5.6&#8243; min_height=&#8221;222px&#8221; custom_padding=&#8221;28px|0px|20px|0px|false|false&#8221; locked=&#8221;off&#8221;][et_pb_column type=&#8221;4_4&#8243; _builder_version=&#8221;3.25&#8243; custom_padding=&#8221;|||&#8221; custom_padding__hover=&#8221;|||&#8221;][et_pb_image src=&#8221;https:\/\/cecat.com.ar\/wp-content\/uploads\/2018\/11\/logo_cecat_500_blanco.png&#8221; align=&#8221;center&#8221; align_tablet=&#8221;center&#8221; align_phone=&#8221;&#8221; align_last_edited=&#8221;on|desktop&#8221; admin_label=&#8221;Image&#8221; _builder_version=&#8221;3.23&#8243; max_width=&#8221;35%&#8221; max_width_tablet=&#8221;&#8221; max_width_phone=&#8221;72%&#8221; max_width_last_edited=&#8221;on|phone&#8221; custom_margin=&#8221;-12px||&#8221; animation_style=&#8221;slide&#8221; animation_delay=&#8221;700ms&#8221;][\/et_pb_image][\/et_pb_column][\/et_pb_row][et_pb_row _builder_version=&#8221;3.25&#8243; custom_padding=&#8221;2px|0px|1px|0px|false|false&#8221;][et_pb_column type=&#8221;4_4&#8243; _builder_version=&#8221;3.25&#8243; custom_padding=&#8221;|||&#8221; custom_padding__hover=&#8221;|||&#8221;][et_pb_text _builder_version=&#8221;3.27.4&#8243; text_font=&#8221;||||||||&#8221; text_text_color=&#8221;#ffffff&#8221; text_font_size=&#8221;31px&#8221; text_line_height=&#8221;1.2em&#8221; min_height=&#8221;84px&#8221; custom_margin=&#8221;2px||44px|||&#8221; custom_margin_tablet=&#8221;&#8221; custom_margin_phone=&#8221;-19px||&#8221; custom_margin_last_edited=&#8221;on|desktop&#8221; animation_style=&#8221;slide&#8221; animation_direction=&#8221;left&#8221; animation_delay=&#8221;1300ms&#8221; [&hellip;]<\/p>\n","protected":false},"author":1,"featured_media":0,"parent":0,"menu_order":0,"comment_status":"closed","ping_status":"closed","template":"","meta":{"_et_pb_use_builder":"on","_et_pb_old_content":"","_et_gb_content_width":""},"_links":{"self":[{"href":"https:\/\/cecat.com.ar\/index.php?rest_route=\/wp\/v2\/pages\/12"}],"collection":[{"href":"https:\/\/cecat.com.ar\/index.php?rest_route=\/wp\/v2\/pages"}],"about":[{"href":"https:\/\/cecat.com.ar\/index.php?rest_route=\/wp\/v2\/types\/page"}],"author":[{"embeddable":true,"href":"https:\/\/cecat.com.ar\/index.php?rest_route=\/wp\/v2\/users\/1"}],"replies":[{"embeddable":true,"href":"https:\/\/cecat.com.ar\/index.php?rest_route=%2Fwp%2Fv2%2Fcomments&post=12"}],"version-history":[{"count":154,"href":"https:\/\/cecat.com.ar\/index.php?rest_route=\/wp\/v2\/pages\/12\/revisions"}],"predecessor-version":[{"id":2256,"href":"https:\/\/cecat.com.ar\/index.php?rest_route=\/wp\/v2\/pages\/12\/revisions\/2256"}],"wp:attachment":[{"href":"https:\/\/cecat.com.ar\/index.php?rest_route=%2Fwp%2Fv2%2Fmedia&parent=12"}],"curies":[{"name":"wp","href":"https:\/\/api.w.org\/{rel}","templated":true}]}}